{"id":2157,"date":"2022-09-14T13:24:28","date_gmt":"2022-09-14T11:24:28","guid":{"rendered":"http:\/\/www.ms-podlipou.cz\/?page_id=2157"},"modified":"2024-03-14T09:51:54","modified_gmt":"2024-03-14T08:51:54","slug":"zahrada","status":"publish","type":"page","link":"https:\/\/www.ms-podlipou.cz\/index.php\/zahrada\/","title":{"rendered":"Zahrada"},"content":{"rendered":"\n<h2 class=\"wp-block-heading\">Na\u0161e zahrada   <\/h2>\n\n\n\n<figure class=\"wp-block-image size-full is-resized\"><img loading=\"lazy\" decoding=\"async\" width=\"288\" height=\"264\" src=\"https:\/\/www.ms-podlipou.cz\/wp-content\/uploads\/2024\/03\/img.obrazky.cz1_.jpg\" alt=\"\" class=\"wp-image-3417\" style=\"width:178px;height:auto\"\/><\/figure>\n\n\n\n<p><strong><u><br><\/u><\/strong>Zahrada je p\u0159izp\u016fsobena k\u00a0d\u011btsk\u00fdm hr\u00e1m a aktivit\u00e1m, se vzrostlou zelen\u00ed. Jsou zde dv\u011b p\u00edskovi\u0161t\u011b pro t\u0159\u00eddu V\u010deli\u010dek a Slun\u00ed\u010dek, d\u0159ev\u011bn\u00e9 hrac\u00ed prvky-lo\u010f, pohybliv\u00fd most.<br>Vyv\u00fd\u0161en\u00e9 z\u00e1hony a kompost\u00e9ry nab\u00edzej\u00ed mo\u017enost pln\u011bn\u00ed projektu Mal\u00fd zahradn\u00edk, kde se d\u011bti seznamuj\u00ed s\u00a0p\u0159\u00edrodn\u00edmi z\u00e1konitostmi r\u016fstu rostlin. Na\u0161e zahrada je \u201ejedl\u00e1\u201c \u2013 okolo hrac\u00edch domk\u016f mohou d\u011bti trhat lesn\u00ed jahody, v\u00a0ji\u017en\u00ed \u010d\u00e1sti zahrady m\u00e1me malin\u00edky, bor\u016fvky, moru\u0161i, ryb\u00edzy, angre\u0161ty, ostru\u017ein\u00edky.<br>Pod terasou m\u00e1me h\u0159i\u0161t\u011b s\u00a0povrchem Smart soft a p\u0159\u00edrodn\u00ed u\u010debnu. Nov\u011b jsme z\u0159\u00eddili alt\u00e1n k\u00a0pln\u011bn\u00ed polytechnick\u00e9ho vzd\u011bl\u00e1v\u00e1n\u00ed, zahradnick\u00fdm \u010dinnostem, pokus\u016fm- \u201eU\u010d\u00edme se venku\u201c.<br>K sportovn\u00edmu vy\u017eit\u00ed m\u00e1me basketbalov\u00e9 a fotbalov\u00e9 h\u0159i\u0161t\u011b, trampol\u00ednu, na dopravn\u00edm h\u0159i\u0161ti se d\u011bti u\u010d\u00ed bezpe\u010dn\u00e9mu chov\u00e1n\u00ed, \u0159e\u0161en\u00ed dopravn\u00edch situac\u00ed.<\/p>\n\n\n\n<figure class=\"wp-block-gallery has-nested-images columns-default is-cropped wp-block-gallery-1 is-layout-flex wp-block-gallery-is-layout-flex\">\n<figure class=\"wp-block-image size-large\"><img loading=\"lazy\" decoding=\"async\" width=\"700\" height=\"525\" data-id=\"2087\" src=\"http:\/\/www.ms-podlipou.cz\/wp-content\/uploads\/2022\/06\/DSCN4065.jpg\" alt=\"\" class=\"wp-image-2087\" srcset=\"https:\/\/www.ms-podlipou.cz\/wp-content\/uploads\/2022\/06\/DSCN4065.jpg 700w, https:\/\/www.ms-podlipou.cz\/wp-content\/uploads\/2022\/06\/DSCN4065-300x225.jpg 300w\" sizes=\"auto, (max-width: 700px) 100vw, 700px\" \/><\/figure>\n\n\n\n<figure class=\"wp-block-image size-large\"><img loading=\"lazy\" decoding=\"async\" width=\"700\" height=\"525\" data-id=\"2086\" src=\"http:\/\/www.ms-podlipou.cz\/wp-content\/uploads\/2022\/06\/DSCN4064.jpg\" alt=\"\" class=\"wp-image-2086\" srcset=\"https:\/\/www.ms-podlipou.cz\/wp-content\/uploads\/2022\/06\/DSCN4064.jpg 700w, https:\/\/www.ms-podlipou.cz\/wp-content\/uploads\/2022\/06\/DSCN4064-300x225.jpg 300w\" sizes=\"auto, (max-width: 700px) 100vw, 700px\" \/><\/figure>\n\n\n\n<figure class=\"wp-block-image size-large\"><img loading=\"lazy\" decoding=\"async\" width=\"700\" height=\"525\" data-id=\"2085\" src=\"http:\/\/www.ms-podlipou.cz\/wp-content\/uploads\/2022\/06\/DSCN4063.jpg\" alt=\"\" class=\"wp-image-2085\" srcset=\"https:\/\/www.ms-podlipou.cz\/wp-content\/uploads\/2022\/06\/DSCN4063.jpg 700w, https:\/\/www.ms-podlipou.cz\/wp-content\/uploads\/2022\/06\/DSCN4063-300x225.jpg 300w\" sizes=\"auto, (max-width: 700px) 100vw, 700px\" \/><\/figure>\n\n\n\n<figure class=\"wp-block-image size-large\"><img loading=\"lazy\" decoding=\"async\" width=\"2560\" height=\"1920\" data-id=\"2073\" src=\"http:\/\/www.ms-podlipou.cz\/wp-content\/uploads\/2021\/10\/DSCN4236-scaled.jpg\" alt=\"\" class=\"wp-image-2073\" srcset=\"https:\/\/www.ms-podlipou.cz\/wp-content\/uploads\/2021\/10\/DSCN4236-scaled.jpg 2560w, https:\/\/www.ms-podlipou.cz\/wp-content\/uploads\/2021\/10\/DSCN4236-300x225.jpg 300w, https:\/\/www.ms-podlipou.cz\/wp-content\/uploads\/2021\/10\/DSCN4236-1024x768.jpg 1024w, https:\/\/www.ms-podlipou.cz\/wp-content\/uploads\/2021\/10\/DSCN4236-768x576.jpg 768w, https:\/\/www.ms-podlipou.cz\/wp-content\/uploads\/2021\/10\/DSCN4236-1536x1152.jpg 1536w, https:\/\/www.ms-podlipou.cz\/wp-content\/uploads\/2021\/10\/DSCN4236-2048x1536.jpg 2048w\" sizes=\"auto, (max-width: 2560px) 100vw, 2560px\" \/><\/figure>\n\n\n\n<figure class=\"wp-block-image size-large\"><img loading=\"lazy\" decoding=\"async\" width=\"2560\" height=\"1920\" data-id=\"2072\" src=\"http:\/\/www.ms-podlipou.cz\/wp-content\/uploads\/2021\/10\/DSCN4235-scaled.jpg\" alt=\"\" class=\"wp-image-2072\" srcset=\"https:\/\/www.ms-podlipou.cz\/wp-content\/uploads\/2021\/10\/DSCN4235-scaled.jpg 2560w, https:\/\/www.ms-podlipou.cz\/wp-content\/uploads\/2021\/10\/DSCN4235-300x225.jpg 300w, https:\/\/www.ms-podlipou.cz\/wp-content\/uploads\/2021\/10\/DSCN4235-1024x768.jpg 1024w, https:\/\/www.ms-podlipou.cz\/wp-content\/uploads\/2021\/10\/DSCN4235-768x576.jpg 768w, https:\/\/www.ms-podlipou.cz\/wp-content\/uploads\/2021\/10\/DSCN4235-1536x1152.jpg 1536w, https:\/\/www.ms-podlipou.cz\/wp-content\/uploads\/2021\/10\/DSCN4235-2048x1536.jpg 2048w\" sizes=\"auto, (max-width: 2560px) 100vw, 2560px\" \/><\/figure>\n\n\n\n<figure class=\"wp-block-image size-large\"><img loading=\"lazy\" decoding=\"async\" width=\"2560\" height=\"1920\" data-id=\"2071\" src=\"http:\/\/www.ms-podlipou.cz\/wp-content\/uploads\/2021\/10\/DSCN4234-scaled.jpg\" alt=\"\" class=\"wp-image-2071\" srcset=\"https:\/\/www.ms-podlipou.cz\/wp-content\/uploads\/2021\/10\/DSCN4234-scaled.jpg 2560w, https:\/\/www.ms-podlipou.cz\/wp-content\/uploads\/2021\/10\/DSCN4234-300x225.jpg 300w, https:\/\/www.ms-podlipou.cz\/wp-content\/uploads\/2021\/10\/DSCN4234-1024x768.jpg 1024w, https:\/\/www.ms-podlipou.cz\/wp-content\/uploads\/2021\/10\/DSCN4234-768x576.jpg 768w, https:\/\/www.ms-podlipou.cz\/wp-content\/uploads\/2021\/10\/DSCN4234-1536x1152.jpg 1536w, https:\/\/www.ms-podlipou.cz\/wp-content\/uploads\/2021\/10\/DSCN4234-2048x1536.jpg 2048w\" sizes=\"auto, (max-width: 2560px) 100vw, 2560px\" \/><\/figure>\n\n\n\n<figure class=\"wp-block-image size-large\"><img loading=\"lazy\" decoding=\"async\" width=\"2560\" height=\"1920\" data-id=\"2070\" src=\"http:\/\/www.ms-podlipou.cz\/wp-content\/uploads\/2021\/10\/DSCN4233-scaled.jpg\" alt=\"\" class=\"wp-image-2070\" srcset=\"https:\/\/www.ms-podlipou.cz\/wp-content\/uploads\/2021\/10\/DSCN4233-scaled.jpg 2560w, https:\/\/www.ms-podlipou.cz\/wp-content\/uploads\/2021\/10\/DSCN4233-300x225.jpg 300w, https:\/\/www.ms-podlipou.cz\/wp-content\/uploads\/2021\/10\/DSCN4233-1024x768.jpg 1024w, https:\/\/www.ms-podlipou.cz\/wp-content\/uploads\/2021\/10\/DSCN4233-768x576.jpg 768w, https:\/\/www.ms-podlipou.cz\/wp-content\/uploads\/2021\/10\/DSCN4233-1536x1152.jpg 1536w, https:\/\/www.ms-podlipou.cz\/wp-content\/uploads\/2021\/10\/DSCN4233-2048x1536.jpg 2048w\" sizes=\"auto, (max-width: 2560px) 100vw, 2560px\" \/><\/figure>\n\n\n\n<figure class=\"wp-block-image size-large\"><img loading=\"lazy\" decoding=\"async\" width=\"2560\" height=\"1920\" data-id=\"2069\" src=\"http:\/\/www.ms-podlipou.cz\/wp-content\/uploads\/2021\/10\/DSCN4232-scaled.jpg\" alt=\"\" class=\"wp-image-2069\" srcset=\"https:\/\/www.ms-podlipou.cz\/wp-content\/uploads\/2021\/10\/DSCN4232-scaled.jpg 2560w, https:\/\/www.ms-podlipou.cz\/wp-content\/uploads\/2021\/10\/DSCN4232-300x225.jpg 300w, https:\/\/www.ms-podlipou.cz\/wp-content\/uploads\/2021\/10\/DSCN4232-1024x768.jpg 1024w, https:\/\/www.ms-podlipou.cz\/wp-content\/uploads\/2021\/10\/DSCN4232-768x576.jpg 768w, https:\/\/www.ms-podlipou.cz\/wp-content\/uploads\/2021\/10\/DSCN4232-1536x1152.jpg 1536w, https:\/\/www.ms-podlipou.cz\/wp-content\/uploads\/2021\/10\/DSCN4232-2048x1536.jpg 2048w\" sizes=\"auto, (max-width: 2560px) 100vw, 2560px\" \/><\/figure>\n\n\n\n<figure class=\"wp-block-image size-large\"><img loading=\"lazy\" decoding=\"async\" width=\"2560\" height=\"1920\" data-id=\"2068\" src=\"http:\/\/www.ms-podlipou.cz\/wp-content\/uploads\/2021\/10\/DSCN4231-scaled.jpg\" alt=\"\" class=\"wp-image-2068\" srcset=\"https:\/\/www.ms-podlipou.cz\/wp-content\/uploads\/2021\/10\/DSCN4231-scaled.jpg 2560w, https:\/\/www.ms-podlipou.cz\/wp-content\/uploads\/2021\/10\/DSCN4231-300x225.jpg 300w, https:\/\/www.ms-podlipou.cz\/wp-content\/uploads\/2021\/10\/DSCN4231-1024x768.jpg 1024w, https:\/\/www.ms-podlipou.cz\/wp-content\/uploads\/2021\/10\/DSCN4231-768x576.jpg 768w, https:\/\/www.ms-podlipou.cz\/wp-content\/uploads\/2021\/10\/DSCN4231-1536x1152.jpg 1536w, https:\/\/www.ms-podlipou.cz\/wp-content\/uploads\/2021\/10\/DSCN4231-2048x1536.jpg 2048w\" sizes=\"auto, (max-width: 2560px) 100vw, 2560px\" \/><\/figure>\n\n\n\n<figure class=\"wp-block-image size-large\"><img loading=\"lazy\" decoding=\"async\" width=\"2560\" height=\"1920\" data-id=\"2067\" src=\"http:\/\/www.ms-podlipou.cz\/wp-content\/uploads\/2021\/10\/DSCN4230-scaled.jpg\" alt=\"\" class=\"wp-image-2067\" srcset=\"https:\/\/www.ms-podlipou.cz\/wp-content\/uploads\/2021\/10\/DSCN4230-scaled.jpg 2560w, https:\/\/www.ms-podlipou.cz\/wp-content\/uploads\/2021\/10\/DSCN4230-300x225.jpg 300w, https:\/\/www.ms-podlipou.cz\/wp-content\/uploads\/2021\/10\/DSCN4230-1024x768.jpg 1024w, https:\/\/www.ms-podlipou.cz\/wp-content\/uploads\/2021\/10\/DSCN4230-768x576.jpg 768w, https:\/\/www.ms-podlipou.cz\/wp-content\/uploads\/2021\/10\/DSCN4230-1536x1152.jpg 1536w, https:\/\/www.ms-podlipou.cz\/wp-content\/uploads\/2021\/10\/DSCN4230-2048x1536.jpg 2048w\" sizes=\"auto, (max-width: 2560px) 100vw, 2560px\" \/><\/figure>\n\n\n\n<figure class=\"wp-block-image size-large\"><img loading=\"lazy\" decoding=\"async\" width=\"2560\" height=\"1920\" data-id=\"2066\" src=\"http:\/\/www.ms-podlipou.cz\/wp-content\/uploads\/2021\/10\/DSCN4229-scaled.jpg\" alt=\"\" class=\"wp-image-2066\" srcset=\"https:\/\/www.ms-podlipou.cz\/wp-content\/uploads\/2021\/10\/DSCN4229-scaled.jpg 2560w, https:\/\/www.ms-podlipou.cz\/wp-content\/uploads\/2021\/10\/DSCN4229-300x225.jpg 300w, https:\/\/www.ms-podlipou.cz\/wp-content\/uploads\/2021\/10\/DSCN4229-1024x768.jpg 1024w, https:\/\/www.ms-podlipou.cz\/wp-content\/uploads\/2021\/10\/DSCN4229-768x576.jpg 768w, https:\/\/www.ms-podlipou.cz\/wp-content\/uploads\/2021\/10\/DSCN4229-1536x1152.jpg 1536w, https:\/\/www.ms-podlipou.cz\/wp-content\/uploads\/2021\/10\/DSCN4229-2048x1536.jpg 2048w\" sizes=\"auto, (max-width: 2560px) 100vw, 2560px\" \/><\/figure>\n\n\n\n<figure class=\"wp-block-image size-large\"><img loading=\"lazy\" decoding=\"async\" width=\"2560\" height=\"1920\" data-id=\"2065\" src=\"http:\/\/www.ms-podlipou.cz\/wp-content\/uploads\/2021\/10\/DSCN4228-scaled.jpg\" alt=\"\" class=\"wp-image-2065\" srcset=\"https:\/\/www.ms-podlipou.cz\/wp-content\/uploads\/2021\/10\/DSCN4228-scaled.jpg 2560w, https:\/\/www.ms-podlipou.cz\/wp-content\/uploads\/2021\/10\/DSCN4228-300x225.jpg 300w, https:\/\/www.ms-podlipou.cz\/wp-content\/uploads\/2021\/10\/DSCN4228-1024x768.jpg 1024w, https:\/\/www.ms-podlipou.cz\/wp-content\/uploads\/2021\/10\/DSCN4228-768x576.jpg 768w, https:\/\/www.ms-podlipou.cz\/wp-content\/uploads\/2021\/10\/DSCN4228-1536x1152.jpg 1536w, https:\/\/www.ms-podlipou.cz\/wp-content\/uploads\/2021\/10\/DSCN4228-2048x1536.jpg 2048w\" sizes=\"auto, (max-width: 2560px) 100vw, 2560px\" \/><\/figure>\n\n\n\n<figure class=\"wp-block-image size-large\"><img loading=\"lazy\" decoding=\"async\" width=\"2560\" height=\"1920\" data-id=\"2064\" src=\"http:\/\/www.ms-podlipou.cz\/wp-content\/uploads\/2021\/10\/DSCN4227-scaled.jpg\" alt=\"\" class=\"wp-image-2064\" srcset=\"https:\/\/www.ms-podlipou.cz\/wp-content\/uploads\/2021\/10\/DSCN4227-scaled.jpg 2560w, https:\/\/www.ms-podlipou.cz\/wp-content\/uploads\/2021\/10\/DSCN4227-300x225.jpg 300w, https:\/\/www.ms-podlipou.cz\/wp-content\/uploads\/2021\/10\/DSCN4227-1024x768.jpg 1024w, https:\/\/www.ms-podlipou.cz\/wp-content\/uploads\/2021\/10\/DSCN4227-768x576.jpg 768w, https:\/\/www.ms-podlipou.cz\/wp-content\/uploads\/2021\/10\/DSCN4227-1536x1152.jpg 1536w, https:\/\/www.ms-podlipou.cz\/wp-content\/uploads\/2021\/10\/DSCN4227-2048x1536.jpg 2048w\" sizes=\"auto, (max-width: 2560px) 100vw, 2560px\" \/><\/figure>\n\n\n\n<figure class=\"wp-block-image size-large\"><img loading=\"lazy\" decoding=\"async\" width=\"2560\" height=\"1920\" data-id=\"2063\" src=\"http:\/\/www.ms-podlipou.cz\/wp-content\/uploads\/2021\/10\/DSCN4226-scaled.jpg\" alt=\"\" class=\"wp-image-2063\" srcset=\"https:\/\/www.ms-podlipou.cz\/wp-content\/uploads\/2021\/10\/DSCN4226-scaled.jpg 2560w, https:\/\/www.ms-podlipou.cz\/wp-content\/uploads\/2021\/10\/DSCN4226-300x225.jpg 300w, https:\/\/www.ms-podlipou.cz\/wp-content\/uploads\/2021\/10\/DSCN4226-1024x768.jpg 1024w, https:\/\/www.ms-podlipou.cz\/wp-content\/uploads\/2021\/10\/DSCN4226-768x576.jpg 768w, https:\/\/www.ms-podlipou.cz\/wp-content\/uploads\/2021\/10\/DSCN4226-1536x1152.jpg 1536w, https:\/\/www.ms-podlipou.cz\/wp-content\/uploads\/2021\/10\/DSCN4226-2048x1536.jpg 2048w\" sizes=\"auto, (max-width: 2560px) 100vw, 2560px\" \/><\/figure>\n\n\n\n<figure class=\"wp-block-image size-large\"><img loading=\"lazy\" decoding=\"async\" width=\"2560\" height=\"1920\" data-id=\"2062\" src=\"http:\/\/www.ms-podlipou.cz\/wp-content\/uploads\/2021\/10\/DSCN4225-scaled.jpg\" alt=\"\" class=\"wp-image-2062\" srcset=\"https:\/\/www.ms-podlipou.cz\/wp-content\/uploads\/2021\/10\/DSCN4225-scaled.jpg 2560w, https:\/\/www.ms-podlipou.cz\/wp-content\/uploads\/2021\/10\/DSCN4225-300x225.jpg 300w, https:\/\/www.ms-podlipou.cz\/wp-content\/uploads\/2021\/10\/DSCN4225-1024x768.jpg 1024w, https:\/\/www.ms-podlipou.cz\/wp-content\/uploads\/2021\/10\/DSCN4225-768x576.jpg 768w, https:\/\/www.ms-podlipou.cz\/wp-content\/uploads\/2021\/10\/DSCN4225-1536x1152.jpg 1536w, https:\/\/www.ms-podlipou.cz\/wp-content\/uploads\/2021\/10\/DSCN4225-2048x1536.jpg 2048w\" sizes=\"auto, (max-width: 2560px) 100vw, 2560px\" \/><\/figure>\n<\/figure>\n","protected":false},"excerpt":{"rendered":"<p>Na\u0161e zahrada Zahrada je p\u0159izp\u016fsobena k\u00a0d\u011btsk\u00fdm hr\u00e1m a aktivit\u00e1m, se vzrostlou zelen\u00ed. Jsou zde dv\u011b p\u00edskovi\u0161t\u011b pro t\u0159\u00eddu V\u010deli\u010dek a Slun\u00ed\u010dek, d\u0159ev\u011bn\u00e9 hrac\u00ed prvky-lo\u010f, pohybliv\u00fd most.Vyv\u00fd\u0161en\u00e9 z\u00e1hony a kompost\u00e9ry nab\u00edzej\u00ed mo\u017enost pln\u011bn\u00ed projektu Mal\u00fd zahradn\u00edk, kde se d\u011bti seznamuj\u00ed s\u00a0p\u0159\u00edrodn\u00edmi z\u00e1konitostmi r\u016fstu rostlin. Na\u0161e zahrada je \u201ejedl\u00e1\u201c \u2013 okolo hrac\u00edch domk\u016f mohou d\u011bti trhat lesn\u00ed [&hellip;]<\/p>\n","protected":false},"author":2,"featured_media":2086,"parent":0,"menu_order":0,"comment_status":"closed","ping_status":"closed","template":"","meta":{"footnotes":""},"class_list":["post-2157","page","type-page","status-publish","has-post-thumbnail","hentry"],"_links":{"self":[{"href":"https:\/\/www.ms-podlipou.cz\/index.php\/wp-json\/wp\/v2\/pages\/2157","targetHints":{"allow":["GET"]}}],"collection":[{"href":"https:\/\/www.ms-podlipou.cz\/index.php\/wp-json\/wp\/v2\/pages"}],"about":[{"href":"https:\/\/www.ms-podlipou.cz\/index.php\/wp-json\/wp\/v2\/types\/page"}],"author":[{"embeddable":true,"href":"https:\/\/www.ms-podlipou.cz\/index.php\/wp-json\/wp\/v2\/users\/2"}],"replies":[{"embeddable":true,"href":"https:\/\/www.ms-podlipou.cz\/index.php\/wp-json\/wp\/v2\/comments?post=2157"}],"version-history":[{"count":14,"href":"https:\/\/www.ms-podlipou.cz\/index.php\/wp-json\/wp\/v2\/pages\/2157\/revisions"}],"predecessor-version":[{"id":3419,"href":"https:\/\/www.ms-podlipou.cz\/index.php\/wp-json\/wp\/v2\/pages\/2157\/revisions\/3419"}],"wp:featuredmedia":[{"embeddable":true,"href":"https:\/\/www.ms-podlipou.cz\/index.php\/wp-json\/wp\/v2\/media\/2086"}],"wp:attachment":[{"href":"https:\/\/www.ms-podlipou.cz\/index.php\/wp-json\/wp\/v2\/media?parent=2157"}],"curies":[{"name":"wp","href":"https:\/\/api.w.org\/{rel}","templated":true}]}}