{"id":2137,"date":"2022-09-14T10:46:27","date_gmt":"2022-09-14T08:46:27","guid":{"rendered":"http:\/\/www.ms-podlipou.cz\/?page_id=2137"},"modified":"2026-03-27T10:48:36","modified_gmt":"2026-03-27T09:48:36","slug":"jidelnicek","status":"publish","type":"page","link":"https:\/\/www.ms-podlipou.cz\/index.php\/jidelnicek\/","title":{"rendered":"J\u00eddeln\u00ed\u010dek 30.03.2025 &#8211; 03.04.2025"},"content":{"rendered":"\n<p><\/p>\n\n\n\n<p><\/p>\n\n\n\n<div data-wp-interactive=\"core\/file\" class=\"wp-block-file\"><object data-wp-bind--hidden=\"!state.hasPdfPreview\" hidden class=\"wp-block-file__embed\" data=\"https:\/\/www.ms-podlipou.cz\/wp-content\/uploads\/2026\/03\/jidelnicek.pdf\" type=\"application\/pdf\" style=\"width:100%;height:600px\" aria-label=\"Vlo\u017eit z jidelnicek.\"><\/object><a id=\"wp-block-file--media-5e8e2b09-43e6-4f6c-8d0a-0fad857e6e71\" href=\"https:\/\/www.ms-podlipou.cz\/wp-content\/uploads\/2026\/03\/jidelnicek.pdf\">jidelnicek<\/a><a href=\"https:\/\/www.ms-podlipou.cz\/wp-content\/uploads\/2026\/03\/jidelnicek.pdf\" class=\"wp-block-file__button wp-element-button\" download aria-describedby=\"wp-block-file--media-5e8e2b09-43e6-4f6c-8d0a-0fad857e6e71\">St\u00e1hnout<\/a><\/div>\n","protected":false},"excerpt":{"rendered":"","protected":false},"author":2,"featured_media":0,"parent":0,"menu_order":0,"comment_status":"closed","ping_status":"closed","template":"","meta":{"footnotes":""},"class_list":["post-2137","page","type-page","status-publish","hentry"],"_links":{"self":[{"href":"https:\/\/www.ms-podlipou.cz\/index.php\/wp-json\/wp\/v2\/pages\/2137","targetHints":{"allow":["GET"]}}],"collection":[{"href":"https:\/\/www.ms-podlipou.cz\/index.php\/wp-json\/wp\/v2\/pages"}],"about":[{"href":"https:\/\/www.ms-podlipou.cz\/index.php\/wp-json\/wp\/v2\/types\/page"}],"author":[{"embeddable":true,"href":"https:\/\/www.ms-podlipou.cz\/index.php\/wp-json\/wp\/v2\/users\/2"}],"replies":[{"embeddable":true,"href":"https:\/\/www.ms-podlipou.cz\/index.php\/wp-json\/wp\/v2\/comments?post=2137"}],"version-history":[{"count":138,"href":"https:\/\/www.ms-podlipou.cz\/index.php\/wp-json\/wp\/v2\/pages\/2137\/revisions"}],"predecessor-version":[{"id":4145,"href":"https:\/\/www.ms-podlipou.cz\/index.php\/wp-json\/wp\/v2\/pages\/2137\/revisions\/4145"}],"wp:attachment":[{"href":"https:\/\/www.ms-podlipou.cz\/index.php\/wp-json\/wp\/v2\/media?parent=2137"}],"curies":[{"name":"wp","href":"https:\/\/api.w.org\/{rel}","templated":true}]}}