{"id":2134,"date":"2022-09-14T10:42:19","date_gmt":"2022-09-14T08:42:19","guid":{"rendered":"http:\/\/www.ms-podlipou.cz\/?page_id=2134"},"modified":"2023-02-13T09:56:33","modified_gmt":"2023-02-13T08:56:33","slug":"vnitrni-rad-skolni-jidelny","status":"publish","type":"page","link":"https:\/\/www.ms-podlipou.cz\/index.php\/vnitrni-rad-skolni-jidelny\/","title":{"rendered":"Vnit\u0159n\u00ed \u0159\u00e1d \u0161koln\u00ed j\u00eddelny"},"content":{"rendered":"\n<p>Mate\u0159sk\u00e1 \u0161kola Pod Lipou, Ho\u0159ice<br>Vnit\u0159n\u00ed \u0159\u00e1d \u0161koln\u00ed j\u00eddelny M\u0160 Pod Lipou<br>\u010cj.4<br><strong>1\/ Z\u00e1sady provozu<\/strong><br>Provoz \u0160J se \u0159\u00edd\u00ed novelou \u010d.272\/2021Sb.vyhl\u00e1\u0161ky \u010d. 107\/2005 Sb., o \u0161koln\u00edm stravov\u00e1n\u00ed,<br>novelou \u010d.165\/2021Sb.vyhl\u00e1\u0161ky \u010d. 84\/2005 Sb., o n\u00e1kladech a jejich \u00fahrad\u011b, hygienick\u00fdmi<br>p\u0159edpisy podle vyhl\u00e1\u0161ky 137\/2004Sb., \u0160kolsk\u00fdm z\u00e1konem \u010d.561\/2004Sb.<br>Z\u00e1kladn\u00ed vyhl\u00e1\u0161ky a p\u0159edpisy jsou k dispozici u \u0159editelky M\u0160.<br>J\u00eddeln\u00ed\u010dek je sestavov\u00e1n na z\u00e1klad\u011b z\u00e1sad zdrav\u00e9 v\u00fd\u017eivy a dodr\u017eov\u00e1n\u00ed spot\u0159ebn\u00edho ko\u0161e<br>vybran\u00fdch potravin. \u0160J neposkytuje dietn\u00ed stravov\u00e1n\u00ed.<br><strong>2\/ Provoz \u0160J M\u0160<\/strong><br>Provozn\u00ed doba \u0161koln\u00ed kuchyn\u011b-od 6,15 &#8211; 15,00 hodin<br>       vedouc\u00ed \u0160J + 2. kucha\u0159ka- p. Chmatilov\u00e1<br>       1. kucha\u0159ka- p. \u0160ubrtov\u00e1<\/p>\n\n\n\n<p>V\u00fddej p\u0159esn\u00edd\u00e1vky: ob\u011b t\u0159\u00eddy-od 8.45 hod.<br>V\u00fddej ob\u011bd\u016f<br> 1. t\u0159\u00edda-od 11.20 hod.<br> 2. t\u0159\u00edda-od 11.50 hod.<br>V\u00fddej odpoledn\u00ed sva\u010diny: ob\u011b t\u0159\u00eddy od l4 hodin.<br>Mo\u017enost p\u0159\u00eddavku j\u00eddla, kdykoliv o to str\u00e1vn\u00edk po\u017e\u00e1d\u00e1, dopl\u0148ov\u00e1n\u00ed n\u00e1poj\u016f do t\u0159\u00edd b\u011bhem<br>cel\u00e9ho dne.<br><br><strong>3\/ V\u00fd\u0161e stravn\u00e9ho:<\/strong>     <br>                  3-6let\u00e9 6-7let\u00e9*<br>d\u011bti M\u0160 \u2013  10+2,- K\u010d 11+2,- K\u010d   &#8211; p\u0159esn\u00edd\u00e1vka<br>                      23,- K\u010d    24,- K\u010d    &#8211; ob\u011bd<br>                  9+2,- K\u010d 10+2,- K\u010d    &#8211; odpoledn\u00ed sva\u010dina<br>             celkem 46,- K\u010d 49,- K\u010d<\/p>\n\n\n\n<p>                       *plat\u00ed ji\u017e od z\u00e1\u0159\u00ed pro d\u011bti, kter\u00e9 dovr\u0161\u00ed 7 let b\u011bhem \u0161koln\u00edho roku<br>                                                                            dosp\u011bl\u00ed 39,- K\u010d<br><strong>4\/ Placen\u00ed stravn\u00e9ho<\/strong><br>Stravn\u00e9 se plat\u00ed u vedouc\u00ed \u0161koln\u00ed j\u00eddelny v\u017edy 14. n\u00e1sleduj\u00edc\u00edho m\u011bs\u00edce v jej\u00ed kancel\u00e1\u0159i od<br>6,15 do 16,15 hodin, a to i v p\u0159\u00edpad\u011b moment\u00e1ln\u00ed nep\u0159\u00edtomnosti d\u00edt\u011bte v M\u0160 v hotovosti nebo<br>bankovn\u00edm p\u0159evodem na \u00fa\u010det M\u0160 \u010d. 1163808359\/0800, jako variabiln\u00ed symbol uv\u00e1d\u011bjte<br>m\u011bs\u00edc a rok \/nap\u0159. 12023\/ uskute\u010dn\u011bn\u00e9 platby, dopl\u0148te jm\u00e9no d\u00edt\u011bte. Pokud dojde<br>k opakovan\u00e9mu neuhrazen\u00ed stravn\u00e9ho, bude d\u00edt\u011bti po p\u0159edchoz\u00edm upozorn\u011bn\u00ed ukon\u010dena<br>doch\u00e1zka do M\u0160, dle \u0160kolsk\u00e9ho z\u00e1kona \u010d.561\/2004 Sb.<br>Na za\u010d\u00e1tku z\u00e1\u0159\u00ed rodi\u010de zaplat\u00ed z\u00e1lohovou platbu, ostatn\u00ed m\u011bs\u00edce plat\u00ed zp\u011btn\u011b za odebranou<br>stravu. K vyrovn\u00e1n\u00ed z\u00e1lohov\u00e9 platby doch\u00e1z\u00ed p\u0159i ukon\u010den\u00ed doch\u00e1zky do M\u0160.<br><strong>5\/ P\u0159ihl\u00e1\u0161ky ke stravov\u00e1n\u00ed <\/strong>d\u00edt\u011bte vypln\u00ed z\u00e1konn\u00fd z\u00e1stupce a odevzd\u00e1 vedouc\u00ed \u0160J.<br><strong>6\/ Odhl\u00e1sit stravu <\/strong>mohou rodi\u010de do l0.hodiny p\u0159ede\u0161l\u00e9ho dne\/pouze p\u0159es aplikaci Twigsee,<br>\/v\u00fdjime\u010dn\u011b telefonicky na \u010d\u00edsle 493623047 nebo formou SMS na \u010d\u00edslo 731122553\/.<br>V pond\u011bl\u00ed lze odhl\u00e1sit stravu do 7,00 hodin.<br>V p\u0159\u00edpad\u011b, \u017ee se v aplikaci objev\u00ed pozdn\u00ed omluvenka a d\u00edt\u011b nen\u00ed p\u0159\u00edtomno v M\u0160 prvn\u00ed den,<br>m\u016f\u017eete si ob\u011bd odebrat v dob\u011b od 11,00-11,20 hod.<br>Dal\u0161\u00ed dny nen\u00ed n\u00e1rok na dotovan\u00e9 stravn\u00e9. Neodebran\u00fd ob\u011bd je str\u00e1vn\u00edkovi \u00fa\u010dtov\u00e1n. D\u00edt\u011b<br>v mate\u0159sk\u00e9 \u0161kole se stravuje v\u017edy, pokud je p\u0159\u00edtomno v dob\u011b v\u00fddeje stravy. Odhla\u0161ujte<br>stravu v\u010das, pokud d\u00edt\u011b nahl\u00e1s\u00edte, je nutn\u00e9, aby ten den do M\u0160 opravdu p\u0159i\u0161lo.<br>Rodi\u010de mohou d\u011btem odhl\u00e1sit jednotliv\u00e1 j\u00eddla \u2013 nutno zadat do aplikace Twiegsee den<br>p\u0159edem op\u011bt do 10,00 hod.\/krom\u011b pond\u011bl\u00ed\/.<br>Neodhl\u00e1\u0161enou sva\u010dinu si m\u016f\u017eete vyzvednout v dob\u011b v\u00fddeje \u2013 ve 14,00 hodin.<br><strong>7\/ J\u00eddeln\u00ed l\u00edstek <\/strong>na ka\u017ed\u00fd t\u00fdden je vyv\u011b\u0161en u vchodu do mate\u0159sk\u00e9 \u0161koly a na webov\u00fdch<br>str\u00e1nk\u00e1ch \u0161koly www.ms-podlipou.cz.<br><strong>8\/ Dotazy, zm\u011bny a p\u0159ipom\u00ednky <\/strong>lze \u0159e\u0161it ihned s p. vedouc\u00ed \u0161koln\u00ed j\u00eddelny, p\u0159\u00edpadn\u011b s p.<br>\u0159editelkou M\u0160 \/telefon M\u0160-493623047, 731122553, e-mail \u2013 mspodlipou@horice.org\/<\/p>\n\n\n\n<p><strong>9\/ Na chov\u00e1n\u00ed d\u011bt\u00ed <\/strong>v j\u00eddeln\u011b dohl\u00ed\u017eej\u00ed pedagogov\u00e9, star\u0161\u00ed d\u011bti se obsluhuj\u00ed samy, mlad\u0161\u00edm<br>d\u011btem pom\u00e1h\u00e1me. O \u00faklid j\u00eddelny pe\u010duje \u0161kolnice.<br>Tento vnit\u0159n\u00ed \u0159\u00e1d nab\u00fdv\u00e1 \u00fa\u010dinnosti 1. 2. 2023<br>Ho\u0159ice 1. 2. 2023<br>Podpis \u0159editelky M\u0160: Ko\u010dov\u00e1 Podpis vedouc\u00ed \u0160J: Chmatilov\u00e1<\/p>\n","protected":false},"excerpt":{"rendered":"<p>Mate\u0159sk\u00e1 \u0161kola Pod Lipou, Ho\u0159iceVnit\u0159n\u00ed \u0159\u00e1d \u0161koln\u00ed j\u00eddelny M\u0160 Pod Lipou\u010cj.41\/ Z\u00e1sady provozuProvoz \u0160J se \u0159\u00edd\u00ed novelou \u010d.272\/2021Sb.vyhl\u00e1\u0161ky \u010d. 107\/2005 Sb., o \u0161koln\u00edm stravov\u00e1n\u00ed,novelou \u010d.165\/2021Sb.vyhl\u00e1\u0161ky \u010d. 84\/2005 Sb., o n\u00e1kladech a jejich \u00fahrad\u011b, hygienick\u00fdmip\u0159edpisy podle vyhl\u00e1\u0161ky 137\/2004Sb., \u0160kolsk\u00fdm z\u00e1konem \u010d.561\/2004Sb.Z\u00e1kladn\u00ed vyhl\u00e1\u0161ky a p\u0159edpisy jsou k dispozici u \u0159editelky M\u0160.J\u00eddeln\u00ed\u010dek je sestavov\u00e1n na z\u00e1klad\u011b z\u00e1sad zdrav\u00e9 [&hellip;]<\/p>\n","protected":false},"author":2,"featured_media":0,"parent":0,"menu_order":0,"comment_status":"closed","ping_status":"closed","template":"","meta":{"footnotes":""},"class_list":["post-2134","page","type-page","status-publish","hentry"],"_links":{"self":[{"href":"https:\/\/www.ms-podlipou.cz\/index.php\/wp-json\/wp\/v2\/pages\/2134","targetHints":{"allow":["GET"]}}],"collection":[{"href":"https:\/\/www.ms-podlipou.cz\/index.php\/wp-json\/wp\/v2\/pages"}],"about":[{"href":"https:\/\/www.ms-podlipou.cz\/index.php\/wp-json\/wp\/v2\/types\/page"}],"author":[{"embeddable":true,"href":"https:\/\/www.ms-podlipou.cz\/index.php\/wp-json\/wp\/v2\/users\/2"}],"replies":[{"embeddable":true,"href":"https:\/\/www.ms-podlipou.cz\/index.php\/wp-json\/wp\/v2\/comments?post=2134"}],"version-history":[{"count":7,"href":"https:\/\/www.ms-podlipou.cz\/index.php\/wp-json\/wp\/v2\/pages\/2134\/revisions"}],"predecessor-version":[{"id":2720,"href":"https:\/\/www.ms-podlipou.cz\/index.php\/wp-json\/wp\/v2\/pages\/2134\/revisions\/2720"}],"wp:attachment":[{"href":"https:\/\/www.ms-podlipou.cz\/index.php\/wp-json\/wp\/v2\/media?parent=2134"}],"curies":[{"name":"wp","href":"https:\/\/api.w.org\/{rel}","templated":true}]}}