{"id":199,"date":"2013-03-29T16:47:43","date_gmt":"2013-03-29T16:47:43","guid":{"rendered":"http:\/\/www.ms-podlipou.cz\/index.php\/contact\/"},"modified":"2023-03-22T09:31:30","modified_gmt":"2023-03-22T08:31:30","slug":"contact","status":"publish","type":"page","link":"https:\/\/www.ms-podlipou.cz\/index.php\/contact\/","title":{"rendered":"Kontakt"},"content":{"rendered":"<div class=\"wp-block-image\">\n<figure class=\"alignleft size-full is-resized\"><img loading=\"lazy\" decoding=\"async\" src=\"http:\/\/www.ms-podlipou.cz\/wp-content\/uploads\/2021\/09\/logo2.jpg\" alt=\"\" class=\"wp-image-1797\" width=\"117\" height=\"108\" srcset=\"https:\/\/www.ms-podlipou.cz\/wp-content\/uploads\/2021\/09\/logo2.jpg 735w, https:\/\/www.ms-podlipou.cz\/wp-content\/uploads\/2021\/09\/logo2-300x276.jpg 300w\" sizes=\"auto, (max-width: 117px) 100vw, 117px\" \/><\/figure>\n<\/div>\n\n\n<p><\/p>\n\n\n\n<p><\/p>\n\n\n\n<p><\/p>\n\n\n\n<p><\/p>\n\n\n\n<div class='grid-row clearfix'><div class='grid-col grid-col-1'>\n\n\n\n<div class='cws-widget'><div class='widget-title'>Kontakt<\/div><div class='cws_widget_content'>\n\n\n\n<p><strong>Mate\u0159sk\u00e1 \u0161kola Pod Lipou<\/strong><\/p>\n\n\n\n<p><strong>Pod Lipou 1773<\/strong><\/p>\n\n\n\n<p><strong>508 01 Ho\u0159ice<\/strong><\/p>\n\n\n\n<p><\/p>\n\n\n\n<p><strong>Telefon: 493 623 047<\/strong><\/p>\n\n\n\n<p><\/p>\n\n\n\n<p><strong>E-mail: <a class=\"link\" href=\"mailto:support@support.com\">mspodlipou@horice.org<\/a><\/strong><\/p>\n\n\n\n<p>ID datov\u00e9 schr\u00e1nky &#8211; <strong>n2mkw53<\/strong><\/p>\n\n\n\n<\/div><\/div><\/div><div class='grid-col grid-col-1'>&nbsp;&nbsp;&nbsp;&nbsp;&nbsp;<\/div><div class='grid-col grid-col-1'>\n\n\n\n<div class='cws-widget'><div class='widget-title'>Kde n\u00e1s najdete<\/div><div class='cws_widget_content'>\n\n\n\n<p><iframe loading=\"lazy\" style=\"border:none\" src=\"https:\/\/frame.mapy.cz\/s\/jolafevoza\" width=\"500\" height=\"333\" frameborder=\"0\"><\/iframe><\/p>\n\n\n\n<p><\/p>\n\n\n\n<\/div><\/div><\/div><\/div>\n","protected":false},"excerpt":{"rendered":"","protected":false},"author":1,"featured_media":0,"parent":0,"menu_order":0,"comment_status":"closed","ping_status":"closed","template":"","meta":{"footnotes":""},"class_list":["post-199","page","type-page","status-publish","hentry"],"_links":{"self":[{"href":"https:\/\/www.ms-podlipou.cz\/index.php\/wp-json\/wp\/v2\/pages\/199","targetHints":{"allow":["GET"]}}],"collection":[{"href":"https:\/\/www.ms-podlipou.cz\/index.php\/wp-json\/wp\/v2\/pages"}],"about":[{"href":"https:\/\/www.ms-podlipou.cz\/index.php\/wp-json\/wp\/v2\/types\/page"}],"author":[{"embeddable":true,"href":"https:\/\/www.ms-podlipou.cz\/index.php\/wp-json\/wp\/v2\/users\/1"}],"replies":[{"embeddable":true,"href":"https:\/\/www.ms-podlipou.cz\/index.php\/wp-json\/wp\/v2\/comments?post=199"}],"version-history":[{"count":41,"href":"https:\/\/www.ms-podlipou.cz\/index.php\/wp-json\/wp\/v2\/pages\/199\/revisions"}],"predecessor-version":[{"id":2844,"href":"https:\/\/www.ms-podlipou.cz\/index.php\/wp-json\/wp\/v2\/pages\/199\/revisions\/2844"}],"wp:attachment":[{"href":"https:\/\/www.ms-podlipou.cz\/index.php\/wp-json\/wp\/v2\/media?parent=199"}],"curies":[{"name":"wp","href":"https:\/\/api.w.org\/{rel}","templated":true}]}}