{"id":1765,"date":"2021-09-06T15:10:36","date_gmt":"2021-09-06T13:10:36","guid":{"rendered":"http:\/\/www.ms-podlipou.cz\/?page_id=1765"},"modified":"2024-08-26T12:45:11","modified_gmt":"2024-08-26T10:45:11","slug":"muj-den-v-ms","status":"publish","type":"page","link":"https:\/\/www.ms-podlipou.cz\/index.php\/muj-den-v-ms\/","title":{"rendered":"M\u016fj den v M\u0160"},"content":{"rendered":"<div class=\"wp-block-image\">\n<figure class=\"aligncenter size-full is-resized\"><img loading=\"lazy\" decoding=\"async\" width=\"777\" height=\"813\" src=\"http:\/\/www.ms-podlipou.cz\/wp-content\/uploads\/2021\/09\/logo6.jpg\" alt=\"\" class=\"wp-image-1801\" style=\"width:149px;height:155px\" srcset=\"https:\/\/www.ms-podlipou.cz\/wp-content\/uploads\/2021\/09\/logo6.jpg 777w, https:\/\/www.ms-podlipou.cz\/wp-content\/uploads\/2021\/09\/logo6-287x300.jpg 287w, https:\/\/www.ms-podlipou.cz\/wp-content\/uploads\/2021\/09\/logo6-768x804.jpg 768w\" sizes=\"auto, (max-width: 777px) 100vw, 777px\" \/><\/figure>\n<\/div>\n\n\n<p>R\u00e1no p\u0159ijdu do mate\u0159sk\u00e9 \u0161koly, p\u0159iv\u00edt\u00e1m se s pan\u00ed u\u010ditelkou a s kamar\u00e1dy. Ti u\u017e na m\u011b \u010dekaj\u00ed se zaj\u00edmavou hrou v n\u011bkter\u00e9m z center aktivit, kter\u00e9 jsou k tomu vybaveny -konstruktivn\u00ed, v\u00fdtvarn\u00e9,poh\u00e1dkov\u00e9,,\u2026..<\/p>\n\n\n\n<p>R\u00e1di poslouch\u00e1me p\u00edsni\u010dky, hrajeme hry, cvi\u010d\u00edme, tancujeme. Mezit\u00edm si stihneme d\u00e1t dobrou sva\u010dinu, nap\u00edt se m\u016f\u017eeme kdykoli b\u011bhem dne. Pan\u00ed u\u010ditelka m\u00e1 pro n\u00e1s ka\u017ed\u00fd t\u00fdden p\u0159ipravenou nab\u00eddku \u010dinnost\u00ed na n\u011bkter\u00e9 z t\u00e9mat ze \u0160koln\u00edho vzd\u011bl\u00e1vac\u00edho programu &#8222;Kouzeln\u00e1 zahr\u00e1dka&#8220;. Pozn\u00e1v\u00e1me nov\u00e9 v\u011bci, jevy, d\u011bl\u00e1me pokusy, hrajeme si s obr\u00e1zky, pozorujeme a objevujeme v\u0161e v p\u0159\u00edrod\u011b a v prost\u0159ed\u00ed okolo n\u00e1s. Zapojujeme se do r\u016fzn\u00fdch projekt\u016f nebo sout\u011b\u017e\u00ed.<\/p>\n\n\n\n<p>Nav\u0161t\u011bvujeme divadla, v\u00fdstavy, p\u0159ipravujeme si zaj\u00edmav\u00e9 a slavnostn\u00ed dny ve \u0161kolce &#8211; \u010cert\u00ed rej, bes\u00eddky, karneval,.., jezd\u00edme na v\u00fdlety. Ke hr\u00e1m vyu\u017e\u00edv\u00e1me na\u0161i zahradu s p\u00edskovi\u0161ti, pr\u016flezkami, h\u0159i\u0161t\u011bm na basketbal, fotbal. R\u00e1di jezd\u00edme na kolob\u011b\u017ek\u00e1ch a t\u0159\u00edkolk\u00e1ch na dopravn\u00edm h\u0159i\u0161ti. Pak se umyjeme a jdeme do na\u0161\u00ed j\u00eddelny, kde n\u00e1m pan\u00ed kucha\u0159ky p\u0159ipravily ob\u011bd. To u\u017e jsme hodn\u011b unaven\u00ed, p\u0159evl\u00e9kneme se do py\u017eamka, pan\u00ed u\u010ditelka n\u00e1m p\u0159e\u010dte poh\u00e1dku a my si odpo\u010dineme. Odpoledne si po sva\u010din\u011b dokon\u010d\u00edme, co jsme r\u00e1no nestihli, je\u0161t\u011b si pohrajeme a u\u017e je tu pro n\u00e1s maminka. Uklid\u00edm si hra\u010dky a rozlou\u010d\u00edm se &#8211; tak ahoj zase z\u00edtra !!<\/p>\n\n\n\n<p><\/p>\n","protected":false},"excerpt":{"rendered":"<p>R\u00e1no p\u0159ijdu do mate\u0159sk\u00e9 \u0161koly, p\u0159iv\u00edt\u00e1m se s pan\u00ed u\u010ditelkou a s kamar\u00e1dy. Ti u\u017e na m\u011b \u010dekaj\u00ed se zaj\u00edmavou hrou v n\u011bkter\u00e9m z center aktivit, kter\u00e9 jsou k tomu vybaveny -konstruktivn\u00ed, v\u00fdtvarn\u00e9,poh\u00e1dkov\u00e9,,\u2026.. R\u00e1di poslouch\u00e1me p\u00edsni\u010dky, hrajeme hry, cvi\u010d\u00edme, tancujeme. Mezit\u00edm si stihneme d\u00e1t dobrou sva\u010dinu, nap\u00edt se m\u016f\u017eeme kdykoli b\u011bhem dne. Pan\u00ed u\u010ditelka m\u00e1 [&hellip;]<\/p>\n","protected":false},"author":1,"featured_media":0,"parent":0,"menu_order":0,"comment_status":"closed","ping_status":"closed","template":"","meta":{"footnotes":""},"class_list":["post-1765","page","type-page","status-publish","hentry"],"_links":{"self":[{"href":"https:\/\/www.ms-podlipou.cz\/index.php\/wp-json\/wp\/v2\/pages\/1765","targetHints":{"allow":["GET"]}}],"collection":[{"href":"https:\/\/www.ms-podlipou.cz\/index.php\/wp-json\/wp\/v2\/pages"}],"about":[{"href":"https:\/\/www.ms-podlipou.cz\/index.php\/wp-json\/wp\/v2\/types\/page"}],"author":[{"embeddable":true,"href":"https:\/\/www.ms-podlipou.cz\/index.php\/wp-json\/wp\/v2\/users\/1"}],"replies":[{"embeddable":true,"href":"https:\/\/www.ms-podlipou.cz\/index.php\/wp-json\/wp\/v2\/comments?post=1765"}],"version-history":[{"count":4,"href":"https:\/\/www.ms-podlipou.cz\/index.php\/wp-json\/wp\/v2\/pages\/1765\/revisions"}],"predecessor-version":[{"id":3668,"href":"https:\/\/www.ms-podlipou.cz\/index.php\/wp-json\/wp\/v2\/pages\/1765\/revisions\/3668"}],"wp:attachment":[{"href":"https:\/\/www.ms-podlipou.cz\/index.php\/wp-json\/wp\/v2\/media?parent=1765"}],"curies":[{"name":"wp","href":"https:\/\/api.w.org\/{rel}","templated":true}]}}