{"id":1729,"date":"2021-08-31T13:27:09","date_gmt":"2021-08-31T11:27:09","guid":{"rendered":"http:\/\/www.ms-podlipou.cz\/?page_id=1729"},"modified":"2025-09-08T12:25:52","modified_gmt":"2025-09-08T10:25:52","slug":"vcelicky","status":"publish","type":"page","link":"https:\/\/www.ms-podlipou.cz\/index.php\/vcelicky\/","title":{"rendered":"V\u010deli\u010dky"},"content":{"rendered":"\n<p><\/p>\n\n\n<div class=\"wp-block-image\">\n<figure class=\"alignleft size-full is-resized\"><img loading=\"lazy\" decoding=\"async\" width=\"823\" height=\"827\" src=\"http:\/\/www.ms-podlipou.cz\/wp-content\/uploads\/2021\/09\/logo5.jpg\" alt=\"\" class=\"wp-image-1800\" style=\"width:149px;height:150px\" srcset=\"https:\/\/www.ms-podlipou.cz\/wp-content\/uploads\/2021\/09\/logo5.jpg 823w, https:\/\/www.ms-podlipou.cz\/wp-content\/uploads\/2021\/09\/logo5-300x300.jpg 300w, https:\/\/www.ms-podlipou.cz\/wp-content\/uploads\/2021\/09\/logo5-150x150.jpg 150w, https:\/\/www.ms-podlipou.cz\/wp-content\/uploads\/2021\/09\/logo5-768x772.jpg 768w\" sizes=\"auto, (max-width: 823px) 100vw, 823px\" \/><\/figure>\n<\/div>\n\n\n<p>T\u0159\u00edda V\u010deli\u010dek je pro d\u011bti p\u011bti a\u017e sedmilet\u00e9, nach\u00e1z\u00ed se ve druh\u00e9m pat\u0159e.<br>S d\u011btmi pracuj\u00ed: p. u\u010ditelka Lenka Palmov\u00e1, p. u\u010ditelka Kate\u0159ina \u0160turmov\u00e1 Dis.<br>\u00a0\u00a0\u00a0\u00a0\u00a0\u00a0\u00a0\u00a0\u00a0\u00a0\u00a0\u00a0\u00a0\u00a0\u00a0\u00a0\u00a0\u00a0\u00a0\u00a0\u00a0\u00a0\u00a0\u00a0 <br><br>T\u0159\u00edda je \u010dlen\u011bna na centra aktivit s\u00a0odpov\u00eddaj\u00edc\u00edm vybaven\u00edm, pracovn\u00ed d\u00edlnou, pom\u016fckami k\u00a0rozvoji \u010dten\u00e1\u0159sk\u00e9, matematick\u00e9, digit\u00e1ln\u00ed i finan\u010dn\u00ed gramotnosti. Velk\u00e9 prostory nab\u00edz\u00ed d\u011btem mo\u017enost pohybov\u00fdch \u010dinnost\u00ed, rozvoj individu\u00e1ln\u00edch schopnost\u00ed d\u011bt\u00ed.<\/p>\n\n\n\n<p><br><\/p>\n\n\n\n<figure class=\"wp-block-gallery has-nested-images columns-2 is-cropped wp-block-gallery-1 is-layout-flex wp-block-gallery-is-layout-flex\">\n<figure class=\"wp-block-image size-large\"><a href=\"http:\/\/www.ms-podlipou.cz\/wp-content\/uploads\/2021\/09\/DSCN4006-scaled.jpg\"><img loading=\"lazy\" decoding=\"async\" width=\"1024\" height=\"768\" data-id=\"2036\" src=\"http:\/\/www.ms-podlipou.cz\/wp-content\/uploads\/2021\/09\/DSCN4006-1024x768.jpg\" alt=\"\" class=\"wp-image-2036\" srcset=\"https:\/\/www.ms-podlipou.cz\/wp-content\/uploads\/2021\/09\/DSCN4006-1024x768.jpg 1024w, https:\/\/www.ms-podlipou.cz\/wp-content\/uploads\/2021\/09\/DSCN4006-300x225.jpg 300w, https:\/\/www.ms-podlipou.cz\/wp-content\/uploads\/2021\/09\/DSCN4006-768x576.jpg 768w, https:\/\/www.ms-podlipou.cz\/wp-content\/uploads\/2021\/09\/DSCN4006-1536x1152.jpg 1536w, https:\/\/www.ms-podlipou.cz\/wp-content\/uploads\/2021\/09\/DSCN4006-2048x1536.jpg 2048w\" sizes=\"auto, (max-width: 1024px) 100vw, 1024px\" \/><\/a><\/figure>\n\n\n\n<figure class=\"wp-block-image size-large\"><a href=\"http:\/\/www.ms-podlipou.cz\/wp-content\/uploads\/2021\/09\/DSCN4005-scaled.jpg\"><img loading=\"lazy\" decoding=\"async\" width=\"1024\" height=\"768\" data-id=\"2035\" src=\"http:\/\/www.ms-podlipou.cz\/wp-content\/uploads\/2021\/09\/DSCN4005-1024x768.jpg\" alt=\"\" class=\"wp-image-2035\" srcset=\"https:\/\/www.ms-podlipou.cz\/wp-content\/uploads\/2021\/09\/DSCN4005-1024x768.jpg 1024w, https:\/\/www.ms-podlipou.cz\/wp-content\/uploads\/2021\/09\/DSCN4005-300x225.jpg 300w, https:\/\/www.ms-podlipou.cz\/wp-content\/uploads\/2021\/09\/DSCN4005-768x576.jpg 768w, https:\/\/www.ms-podlipou.cz\/wp-content\/uploads\/2021\/09\/DSCN4005-1536x1152.jpg 1536w, https:\/\/www.ms-podlipou.cz\/wp-content\/uploads\/2021\/09\/DSCN4005-2048x1536.jpg 2048w\" sizes=\"auto, (max-width: 1024px) 100vw, 1024px\" \/><\/a><\/figure>\n\n\n\n<figure class=\"wp-block-image size-large\"><a href=\"http:\/\/www.ms-podlipou.cz\/wp-content\/uploads\/2021\/09\/DSCN4004-scaled.jpg\"><img loading=\"lazy\" decoding=\"async\" width=\"1024\" height=\"768\" data-id=\"2034\" src=\"http:\/\/www.ms-podlipou.cz\/wp-content\/uploads\/2021\/09\/DSCN4004-1024x768.jpg\" alt=\"\" class=\"wp-image-2034\" srcset=\"https:\/\/www.ms-podlipou.cz\/wp-content\/uploads\/2021\/09\/DSCN4004-1024x768.jpg 1024w, https:\/\/www.ms-podlipou.cz\/wp-content\/uploads\/2021\/09\/DSCN4004-300x225.jpg 300w, https:\/\/www.ms-podlipou.cz\/wp-content\/uploads\/2021\/09\/DSCN4004-768x576.jpg 768w, https:\/\/www.ms-podlipou.cz\/wp-content\/uploads\/2021\/09\/DSCN4004-1536x1152.jpg 1536w, https:\/\/www.ms-podlipou.cz\/wp-content\/uploads\/2021\/09\/DSCN4004-2048x1536.jpg 2048w\" sizes=\"auto, (max-width: 1024px) 100vw, 1024px\" \/><\/a><\/figure>\n\n\n\n<figure class=\"wp-block-image size-large\"><a href=\"http:\/\/www.ms-podlipou.cz\/wp-content\/uploads\/2021\/09\/DSCN4003-scaled.jpg\"><img loading=\"lazy\" decoding=\"async\" width=\"1024\" height=\"768\" data-id=\"2033\" src=\"http:\/\/www.ms-podlipou.cz\/wp-content\/uploads\/2021\/09\/DSCN4003-1024x768.jpg\" alt=\"\" class=\"wp-image-2033\" srcset=\"https:\/\/www.ms-podlipou.cz\/wp-content\/uploads\/2021\/09\/DSCN4003-1024x768.jpg 1024w, https:\/\/www.ms-podlipou.cz\/wp-content\/uploads\/2021\/09\/DSCN4003-300x225.jpg 300w, https:\/\/www.ms-podlipou.cz\/wp-content\/uploads\/2021\/09\/DSCN4003-768x576.jpg 768w, https:\/\/www.ms-podlipou.cz\/wp-content\/uploads\/2021\/09\/DSCN4003-1536x1152.jpg 1536w, https:\/\/www.ms-podlipou.cz\/wp-content\/uploads\/2021\/09\/DSCN4003-2048x1536.jpg 2048w\" sizes=\"auto, (max-width: 1024px) 100vw, 1024px\" \/><\/a><\/figure>\n\n\n\n<figure class=\"wp-block-image size-large\"><a href=\"http:\/\/www.ms-podlipou.cz\/wp-content\/uploads\/2021\/09\/DSCN4002-scaled.jpg\"><img loading=\"lazy\" decoding=\"async\" width=\"1024\" height=\"768\" data-id=\"2032\" src=\"http:\/\/www.ms-podlipou.cz\/wp-content\/uploads\/2021\/09\/DSCN4002-1024x768.jpg\" alt=\"\" class=\"wp-image-2032\" srcset=\"https:\/\/www.ms-podlipou.cz\/wp-content\/uploads\/2021\/09\/DSCN4002-1024x768.jpg 1024w, https:\/\/www.ms-podlipou.cz\/wp-content\/uploads\/2021\/09\/DSCN4002-300x225.jpg 300w, https:\/\/www.ms-podlipou.cz\/wp-content\/uploads\/2021\/09\/DSCN4002-768x576.jpg 768w, https:\/\/www.ms-podlipou.cz\/wp-content\/uploads\/2021\/09\/DSCN4002-1536x1152.jpg 1536w, https:\/\/www.ms-podlipou.cz\/wp-content\/uploads\/2021\/09\/DSCN4002-2048x1536.jpg 2048w\" sizes=\"auto, (max-width: 1024px) 100vw, 1024px\" \/><\/a><\/figure>\n\n\n\n<figure class=\"wp-block-image size-large\"><a href=\"http:\/\/www.ms-podlipou.cz\/wp-content\/uploads\/2021\/09\/DSCN4001-scaled.jpg\"><img loading=\"lazy\" decoding=\"async\" width=\"1024\" height=\"768\" data-id=\"2031\" src=\"http:\/\/www.ms-podlipou.cz\/wp-content\/uploads\/2021\/09\/DSCN4001-1024x768.jpg\" alt=\"\" class=\"wp-image-2031\" srcset=\"https:\/\/www.ms-podlipou.cz\/wp-content\/uploads\/2021\/09\/DSCN4001-1024x768.jpg 1024w, https:\/\/www.ms-podlipou.cz\/wp-content\/uploads\/2021\/09\/DSCN4001-300x225.jpg 300w, https:\/\/www.ms-podlipou.cz\/wp-content\/uploads\/2021\/09\/DSCN4001-768x576.jpg 768w, https:\/\/www.ms-podlipou.cz\/wp-content\/uploads\/2021\/09\/DSCN4001-1536x1152.jpg 1536w, https:\/\/www.ms-podlipou.cz\/wp-content\/uploads\/2021\/09\/DSCN4001-2048x1536.jpg 2048w\" sizes=\"auto, (max-width: 1024px) 100vw, 1024px\" \/><\/a><\/figure>\n\n\n\n<figure class=\"wp-block-image size-large\"><a href=\"http:\/\/www.ms-podlipou.cz\/wp-content\/uploads\/2021\/09\/DSCN4000-scaled.jpg\"><img loading=\"lazy\" decoding=\"async\" width=\"1024\" height=\"768\" data-id=\"2030\" src=\"http:\/\/www.ms-podlipou.cz\/wp-content\/uploads\/2021\/09\/DSCN4000-1024x768.jpg\" alt=\"\" class=\"wp-image-2030\" srcset=\"https:\/\/www.ms-podlipou.cz\/wp-content\/uploads\/2021\/09\/DSCN4000-1024x768.jpg 1024w, https:\/\/www.ms-podlipou.cz\/wp-content\/uploads\/2021\/09\/DSCN4000-300x225.jpg 300w, https:\/\/www.ms-podlipou.cz\/wp-content\/uploads\/2021\/09\/DSCN4000-768x576.jpg 768w, https:\/\/www.ms-podlipou.cz\/wp-content\/uploads\/2021\/09\/DSCN4000-1536x1152.jpg 1536w, https:\/\/www.ms-podlipou.cz\/wp-content\/uploads\/2021\/09\/DSCN4000-2048x1536.jpg 2048w\" sizes=\"auto, (max-width: 1024px) 100vw, 1024px\" \/><\/a><\/figure>\n\n\n\n<figure class=\"wp-block-image size-large\"><a href=\"http:\/\/www.ms-podlipou.cz\/wp-content\/uploads\/2021\/09\/DSCN3999-scaled.jpg\"><img loading=\"lazy\" decoding=\"async\" width=\"1024\" height=\"768\" data-id=\"2029\" src=\"http:\/\/www.ms-podlipou.cz\/wp-content\/uploads\/2021\/09\/DSCN3999-1024x768.jpg\" alt=\"\" class=\"wp-image-2029\" srcset=\"https:\/\/www.ms-podlipou.cz\/wp-content\/uploads\/2021\/09\/DSCN3999-1024x768.jpg 1024w, https:\/\/www.ms-podlipou.cz\/wp-content\/uploads\/2021\/09\/DSCN3999-300x225.jpg 300w, https:\/\/www.ms-podlipou.cz\/wp-content\/uploads\/2021\/09\/DSCN3999-768x576.jpg 768w, https:\/\/www.ms-podlipou.cz\/wp-content\/uploads\/2021\/09\/DSCN3999-1536x1152.jpg 1536w, https:\/\/www.ms-podlipou.cz\/wp-content\/uploads\/2021\/09\/DSCN3999-2048x1536.jpg 2048w\" sizes=\"auto, (max-width: 1024px) 100vw, 1024px\" \/><\/a><\/figure>\n<\/figure>\n","protected":false},"excerpt":{"rendered":"<p>T\u0159\u00edda V\u010deli\u010dek je pro d\u011bti p\u011bti a\u017e sedmilet\u00e9, nach\u00e1z\u00ed se ve druh\u00e9m pat\u0159e.S d\u011btmi pracuj\u00ed: p. u\u010ditelka Lenka Palmov\u00e1, p. u\u010ditelka Kate\u0159ina \u0160turmov\u00e1 Dis.\u00a0\u00a0\u00a0\u00a0\u00a0\u00a0\u00a0\u00a0\u00a0\u00a0\u00a0\u00a0\u00a0\u00a0\u00a0\u00a0\u00a0\u00a0\u00a0\u00a0\u00a0\u00a0\u00a0\u00a0 T\u0159\u00edda je \u010dlen\u011bna na centra aktivit s\u00a0odpov\u00eddaj\u00edc\u00edm vybaven\u00edm, pracovn\u00ed d\u00edlnou, pom\u016fckami k\u00a0rozvoji \u010dten\u00e1\u0159sk\u00e9, matematick\u00e9, digit\u00e1ln\u00ed i finan\u010dn\u00ed gramotnosti. Velk\u00e9 prostory nab\u00edz\u00ed d\u011btem mo\u017enost pohybov\u00fdch \u010dinnost\u00ed, rozvoj individu\u00e1ln\u00edch schopnost\u00ed d\u011bt\u00ed.<\/p>\n","protected":false},"author":1,"featured_media":0,"parent":0,"menu_order":0,"comment_status":"closed","ping_status":"closed","template":"","meta":{"footnotes":""},"class_list":["post-1729","page","type-page","status-publish","hentry"],"_links":{"self":[{"href":"https:\/\/www.ms-podlipou.cz\/index.php\/wp-json\/wp\/v2\/pages\/1729","targetHints":{"allow":["GET"]}}],"collection":[{"href":"https:\/\/www.ms-podlipou.cz\/index.php\/wp-json\/wp\/v2\/pages"}],"about":[{"href":"https:\/\/www.ms-podlipou.cz\/index.php\/wp-json\/wp\/v2\/types\/page"}],"author":[{"embeddable":true,"href":"https:\/\/www.ms-podlipou.cz\/index.php\/wp-json\/wp\/v2\/users\/1"}],"replies":[{"embeddable":true,"href":"https:\/\/www.ms-podlipou.cz\/index.php\/wp-json\/wp\/v2\/comments?post=1729"}],"version-history":[{"count":11,"href":"https:\/\/www.ms-podlipou.cz\/index.php\/wp-json\/wp\/v2\/pages\/1729\/revisions"}],"predecessor-version":[{"id":3991,"href":"https:\/\/www.ms-podlipou.cz\/index.php\/wp-json\/wp\/v2\/pages\/1729\/revisions\/3991"}],"wp:attachment":[{"href":"https:\/\/www.ms-podlipou.cz\/index.php\/wp-json\/wp\/v2\/media?parent=1729"}],"curies":[{"name":"wp","href":"https:\/\/api.w.org\/{rel}","templated":true}]}}