{"id":1727,"date":"2021-08-31T13:26:34","date_gmt":"2021-08-31T11:26:34","guid":{"rendered":"http:\/\/www.ms-podlipou.cz\/?page_id=1727"},"modified":"2024-08-26T12:40:47","modified_gmt":"2024-08-26T10:40:47","slug":"slunicka","status":"publish","type":"page","link":"https:\/\/www.ms-podlipou.cz\/index.php\/slunicka\/","title":{"rendered":"Slun\u00ed\u010dka"},"content":{"rendered":"<div class=\"wp-block-image\">\n<figure class=\"alignleft size-full is-resized\"><img loading=\"lazy\" decoding=\"async\" width=\"1021\" height=\"818\" src=\"http:\/\/www.ms-podlipou.cz\/wp-content\/uploads\/2021\/09\/logo9.jpg\" alt=\"\" class=\"wp-image-1804\" style=\"width:159px;height:127px\" srcset=\"https:\/\/www.ms-podlipou.cz\/wp-content\/uploads\/2021\/09\/logo9.jpg 1021w, https:\/\/www.ms-podlipou.cz\/wp-content\/uploads\/2021\/09\/logo9-300x240.jpg 300w, https:\/\/www.ms-podlipou.cz\/wp-content\/uploads\/2021\/09\/logo9-768x615.jpg 768w\" sizes=\"auto, (max-width: 1021px) 100vw, 1021px\" \/><\/figure>\n<\/div>\n\n\n<p><br>T\u0159\u00edda Slun\u00ed\u010dek je pro d\u011bti t\u0159\u00ed a\u017e \u010dty\u0159let\u00e9, nach\u00e1z\u00ed se v\u00a0prvn\u00edm pat\u0159e.<br>S d\u011btmi pracuj\u00ed: \u0159editelka Jitka Ko\u010dov\u00e1<br>\u00a0\u00a0\u00a0\u00a0\u00a0\u00a0\u00a0\u00a0\u00a0\u00a0\u00a0\u00a0\u00a0\u00a0\u00a0\u00a0\u00a0\u00a0\u00a0\u00a0\u00a0\u00a0p. u\u010ditelka Bc. Monika Studen\u00e1<br>\u00a0\u00a0\u00a0\u00a0\u00a0\u00a0\u00a0\u00a0\u00a0\u00a0\u00a0\u00a0\u00a0\u00a0\u00a0\u00a0\u00a0\u00a0\u00a0\u00a0\u00a0\u00a0p. u\u010ditelka a \u0161koln\u00ed asistentka Irena Hlavat\u00e1<br><br>T\u0159\u00edda je \u010dlen\u011bna na centra aktivit s\u00a0odpov\u00eddaj\u00edc\u00edm vybaven\u00edm. Velk\u00e9 prostory nab\u00edz\u00ed d\u011btem mo\u017enost pohybov\u00fdch \u010dinnost\u00ed, rozvoj individu\u00e1ln\u00edch schopnost\u00ed d\u011bt\u00ed.<\/p>\n\n\n\n<figure class=\"wp-block-gallery has-nested-images columns-2 is-cropped wp-block-gallery-1 is-layout-flex wp-block-gallery-is-layout-flex\">\n<figure class=\"wp-block-image size-large\"><a href=\"http:\/\/www.ms-podlipou.cz\/wp-content\/uploads\/2021\/09\/DSCN3998-scaled.jpg\"><img loading=\"lazy\" decoding=\"async\" width=\"1024\" height=\"768\" data-id=\"2045\" src=\"http:\/\/www.ms-podlipou.cz\/wp-content\/uploads\/2021\/09\/DSCN3998-1024x768.jpg\" alt=\"\" class=\"wp-image-2045\" srcset=\"https:\/\/www.ms-podlipou.cz\/wp-content\/uploads\/2021\/09\/DSCN3998-1024x768.jpg 1024w, https:\/\/www.ms-podlipou.cz\/wp-content\/uploads\/2021\/09\/DSCN3998-300x225.jpg 300w, https:\/\/www.ms-podlipou.cz\/wp-content\/uploads\/2021\/09\/DSCN3998-768x576.jpg 768w, https:\/\/www.ms-podlipou.cz\/wp-content\/uploads\/2021\/09\/DSCN3998-1536x1152.jpg 1536w, https:\/\/www.ms-podlipou.cz\/wp-content\/uploads\/2021\/09\/DSCN3998-2048x1536.jpg 2048w\" sizes=\"auto, (max-width: 1024px) 100vw, 1024px\" \/><\/a><\/figure>\n\n\n\n<figure class=\"wp-block-image size-large\"><a href=\"http:\/\/www.ms-podlipou.cz\/wp-content\/uploads\/2021\/09\/DSCN3997-scaled.jpg\"><img loading=\"lazy\" decoding=\"async\" width=\"1024\" height=\"768\" data-id=\"2044\" src=\"http:\/\/www.ms-podlipou.cz\/wp-content\/uploads\/2021\/09\/DSCN3997-1024x768.jpg\" alt=\"\" class=\"wp-image-2044\" srcset=\"https:\/\/www.ms-podlipou.cz\/wp-content\/uploads\/2021\/09\/DSCN3997-1024x768.jpg 1024w, https:\/\/www.ms-podlipou.cz\/wp-content\/uploads\/2021\/09\/DSCN3997-300x225.jpg 300w, https:\/\/www.ms-podlipou.cz\/wp-content\/uploads\/2021\/09\/DSCN3997-768x576.jpg 768w, https:\/\/www.ms-podlipou.cz\/wp-content\/uploads\/2021\/09\/DSCN3997-1536x1152.jpg 1536w, https:\/\/www.ms-podlipou.cz\/wp-content\/uploads\/2021\/09\/DSCN3997-2048x1536.jpg 2048w\" sizes=\"auto, (max-width: 1024px) 100vw, 1024px\" \/><\/a><\/figure>\n\n\n\n<figure class=\"wp-block-image size-large\"><a href=\"http:\/\/www.ms-podlipou.cz\/wp-content\/uploads\/2021\/09\/DSCN3996-scaled.jpg\"><img loading=\"lazy\" decoding=\"async\" width=\"1024\" height=\"768\" data-id=\"2043\" src=\"http:\/\/www.ms-podlipou.cz\/wp-content\/uploads\/2021\/09\/DSCN3996-1024x768.jpg\" alt=\"\" class=\"wp-image-2043\" srcset=\"https:\/\/www.ms-podlipou.cz\/wp-content\/uploads\/2021\/09\/DSCN3996-1024x768.jpg 1024w, https:\/\/www.ms-podlipou.cz\/wp-content\/uploads\/2021\/09\/DSCN3996-300x225.jpg 300w, https:\/\/www.ms-podlipou.cz\/wp-content\/uploads\/2021\/09\/DSCN3996-768x576.jpg 768w, https:\/\/www.ms-podlipou.cz\/wp-content\/uploads\/2021\/09\/DSCN3996-1536x1152.jpg 1536w, https:\/\/www.ms-podlipou.cz\/wp-content\/uploads\/2021\/09\/DSCN3996-2048x1536.jpg 2048w\" sizes=\"auto, (max-width: 1024px) 100vw, 1024px\" \/><\/a><\/figure>\n\n\n\n<figure class=\"wp-block-image size-large\"><a href=\"http:\/\/www.ms-podlipou.cz\/wp-content\/uploads\/2021\/09\/DSCN3995-scaled.jpg\"><img loading=\"lazy\" decoding=\"async\" width=\"1024\" height=\"768\" data-id=\"2042\" src=\"http:\/\/www.ms-podlipou.cz\/wp-content\/uploads\/2021\/09\/DSCN3995-1024x768.jpg\" alt=\"\" class=\"wp-image-2042\" srcset=\"https:\/\/www.ms-podlipou.cz\/wp-content\/uploads\/2021\/09\/DSCN3995-1024x768.jpg 1024w, https:\/\/www.ms-podlipou.cz\/wp-content\/uploads\/2021\/09\/DSCN3995-300x225.jpg 300w, https:\/\/www.ms-podlipou.cz\/wp-content\/uploads\/2021\/09\/DSCN3995-768x576.jpg 768w, https:\/\/www.ms-podlipou.cz\/wp-content\/uploads\/2021\/09\/DSCN3995-1536x1152.jpg 1536w, https:\/\/www.ms-podlipou.cz\/wp-content\/uploads\/2021\/09\/DSCN3995-2048x1536.jpg 2048w\" sizes=\"auto, (max-width: 1024px) 100vw, 1024px\" \/><\/a><\/figure>\n\n\n\n<figure class=\"wp-block-image size-large\"><a href=\"http:\/\/www.ms-podlipou.cz\/wp-content\/uploads\/2021\/09\/DSCN3994-scaled.jpg\"><img loading=\"lazy\" decoding=\"async\" width=\"1024\" height=\"768\" data-id=\"2041\" src=\"http:\/\/www.ms-podlipou.cz\/wp-content\/uploads\/2021\/09\/DSCN3994-1024x768.jpg\" alt=\"\" class=\"wp-image-2041\" srcset=\"https:\/\/www.ms-podlipou.cz\/wp-content\/uploads\/2021\/09\/DSCN3994-1024x768.jpg 1024w, https:\/\/www.ms-podlipou.cz\/wp-content\/uploads\/2021\/09\/DSCN3994-300x225.jpg 300w, https:\/\/www.ms-podlipou.cz\/wp-content\/uploads\/2021\/09\/DSCN3994-768x576.jpg 768w, https:\/\/www.ms-podlipou.cz\/wp-content\/uploads\/2021\/09\/DSCN3994-1536x1152.jpg 1536w, https:\/\/www.ms-podlipou.cz\/wp-content\/uploads\/2021\/09\/DSCN3994-2048x1536.jpg 2048w\" sizes=\"auto, (max-width: 1024px) 100vw, 1024px\" \/><\/a><\/figure>\n\n\n\n<figure class=\"wp-block-image size-large\"><a href=\"http:\/\/www.ms-podlipou.cz\/wp-content\/uploads\/2021\/09\/DSCN3993-scaled.jpg\"><img loading=\"lazy\" decoding=\"async\" width=\"1024\" height=\"768\" data-id=\"2040\" src=\"http:\/\/www.ms-podlipou.cz\/wp-content\/uploads\/2021\/09\/DSCN3993-1024x768.jpg\" alt=\"\" class=\"wp-image-2040\" srcset=\"https:\/\/www.ms-podlipou.cz\/wp-content\/uploads\/2021\/09\/DSCN3993-1024x768.jpg 1024w, https:\/\/www.ms-podlipou.cz\/wp-content\/uploads\/2021\/09\/DSCN3993-300x225.jpg 300w, https:\/\/www.ms-podlipou.cz\/wp-content\/uploads\/2021\/09\/DSCN3993-768x576.jpg 768w, https:\/\/www.ms-podlipou.cz\/wp-content\/uploads\/2021\/09\/DSCN3993-1536x1152.jpg 1536w, https:\/\/www.ms-podlipou.cz\/wp-content\/uploads\/2021\/09\/DSCN3993-2048x1536.jpg 2048w\" sizes=\"auto, (max-width: 1024px) 100vw, 1024px\" \/><\/a><\/figure>\n\n\n\n<figure class=\"wp-block-image size-large\"><a href=\"http:\/\/www.ms-podlipou.cz\/wp-content\/uploads\/2021\/09\/DSCN3992-scaled.jpg\"><img loading=\"lazy\" decoding=\"async\" width=\"1024\" height=\"768\" data-id=\"2039\" src=\"http:\/\/www.ms-podlipou.cz\/wp-content\/uploads\/2021\/09\/DSCN3992-1024x768.jpg\" alt=\"\" class=\"wp-image-2039\" srcset=\"https:\/\/www.ms-podlipou.cz\/wp-content\/uploads\/2021\/09\/DSCN3992-1024x768.jpg 1024w, https:\/\/www.ms-podlipou.cz\/wp-content\/uploads\/2021\/09\/DSCN3992-300x225.jpg 300w, https:\/\/www.ms-podlipou.cz\/wp-content\/uploads\/2021\/09\/DSCN3992-768x576.jpg 768w, https:\/\/www.ms-podlipou.cz\/wp-content\/uploads\/2021\/09\/DSCN3992-1536x1152.jpg 1536w, https:\/\/www.ms-podlipou.cz\/wp-content\/uploads\/2021\/09\/DSCN3992-2048x1536.jpg 2048w\" sizes=\"auto, (max-width: 1024px) 100vw, 1024px\" \/><\/a><\/figure>\n<\/figure>\n","protected":false},"excerpt":{"rendered":"<p>T\u0159\u00edda Slun\u00ed\u010dek je pro d\u011bti t\u0159\u00ed a\u017e \u010dty\u0159let\u00e9, nach\u00e1z\u00ed se v\u00a0prvn\u00edm pat\u0159e.S d\u011btmi pracuj\u00ed: \u0159editelka Jitka Ko\u010dov\u00e1\u00a0\u00a0\u00a0\u00a0\u00a0\u00a0\u00a0\u00a0\u00a0\u00a0\u00a0\u00a0\u00a0\u00a0\u00a0\u00a0\u00a0\u00a0\u00a0\u00a0\u00a0\u00a0p. u\u010ditelka Bc. Monika Studen\u00e1\u00a0\u00a0\u00a0\u00a0\u00a0\u00a0\u00a0\u00a0\u00a0\u00a0\u00a0\u00a0\u00a0\u00a0\u00a0\u00a0\u00a0\u00a0\u00a0\u00a0\u00a0\u00a0p. u\u010ditelka a \u0161koln\u00ed asistentka Irena Hlavat\u00e1 T\u0159\u00edda je \u010dlen\u011bna na centra aktivit s\u00a0odpov\u00eddaj\u00edc\u00edm vybaven\u00edm. Velk\u00e9 prostory nab\u00edz\u00ed d\u011btem mo\u017enost pohybov\u00fdch \u010dinnost\u00ed, rozvoj individu\u00e1ln\u00edch schopnost\u00ed d\u011bt\u00ed.<\/p>\n","protected":false},"author":1,"featured_media":0,"parent":0,"menu_order":0,"comment_status":"closed","ping_status":"closed","template":"","meta":{"footnotes":""},"class_list":["post-1727","page","type-page","status-publish","hentry"],"_links":{"self":[{"href":"https:\/\/www.ms-podlipou.cz\/index.php\/wp-json\/wp\/v2\/pages\/1727","targetHints":{"allow":["GET"]}}],"collection":[{"href":"https:\/\/www.ms-podlipou.cz\/index.php\/wp-json\/wp\/v2\/pages"}],"about":[{"href":"https:\/\/www.ms-podlipou.cz\/index.php\/wp-json\/wp\/v2\/types\/page"}],"author":[{"embeddable":true,"href":"https:\/\/www.ms-podlipou.cz\/index.php\/wp-json\/wp\/v2\/users\/1"}],"replies":[{"embeddable":true,"href":"https:\/\/www.ms-podlipou.cz\/index.php\/wp-json\/wp\/v2\/comments?post=1727"}],"version-history":[{"count":9,"href":"https:\/\/www.ms-podlipou.cz\/index.php\/wp-json\/wp\/v2\/pages\/1727\/revisions"}],"predecessor-version":[{"id":3993,"href":"https:\/\/www.ms-podlipou.cz\/index.php\/wp-json\/wp\/v2\/pages\/1727\/revisions\/3993"}],"wp:attachment":[{"href":"https:\/\/www.ms-podlipou.cz\/index.php\/wp-json\/wp\/v2\/media?parent=1727"}],"curies":[{"name":"wp","href":"https:\/\/api.w.org\/{rel}","templated":true}]}}