{"id":1724,"date":"2021-08-31T13:22:16","date_gmt":"2021-08-31T11:22:16","guid":{"rendered":"http:\/\/www.ms-podlipou.cz\/?page_id=1724"},"modified":"2025-10-01T08:55:30","modified_gmt":"2025-10-01T06:55:30","slug":"o-skolce","status":"publish","type":"page","link":"https:\/\/www.ms-podlipou.cz\/index.php\/o-skolce\/","title":{"rendered":"O n\u00e1s"},"content":{"rendered":"\n<p>Jsme mate\u0159sk\u00e1 \u0161kola &#8211; Pod Lipou, se s\u00eddlem v Ho\u0159ic\u00edch, z\u0159izovatelem je m\u011bsto Ho\u0159ice. Budova na\u0161\u00ed \u0161koly je v m\u011bstsk\u00e9m s\u00eddli\u0161ti bl\u00edzko centra.postaven\u00e1 v roce 1979. Prostory jsou zde sv\u011btl\u00e9, slunn\u00e9, prostorn\u00e9, byly projektov\u00e1ny v\u00fdhradn\u011b pro pot\u0159eby d\u011bt\u00ed &#8211; po str\u00e1nce pedagogick\u00e9, zdravotn\u00ed, hygienick\u00e9 i estetick\u00e9. Okolo budovy je prostorn\u00e1 zahrada s pr\u016flezkami,trampol\u00ednou,houpa\u010dkami, p\u00edskovi\u0161ti, dome\u010dky,dopravn\u00edm h\u0159i\u0161t\u011bm,.. k celoro\u010dn\u00edmu vyu\u017eit\u00ed.<\/p>\n\n\n\n<p>Jsme dvout\u0159\u00eddn\u00ed mate\u0159sk\u00e1 \u0161kola, rodinn\u00e9ho typu &#8211; d\u011bti z obou t\u0159\u00edd se dob\u0159e znaj\u00ed ,maj\u00ed mezi sebou p\u011bkn\u00e9 vztahy, spole\u010dn\u011b pro\u017e\u00edvaj\u00ed v\u0161echny aktivity, vz\u00e1jemn\u011b si pom\u00e1haj\u00ed. V 1. t\u0159\u00edd\u011b SLUN\u00cd\u010cKA jsou d\u011bti 3 &#8211; 5 let\u00e9, ve 2. t\u0159\u00edd\u011b V\u010cELI\u010cEK 5 &#8211; 7 let\u00e9. V ka\u017ed\u00e9 t\u0159\u00edd\u011b m\u00e1me 24 &#8211; 25 d\u011bt\u00ed.<\/p>\n\n\n\n<p>V p\u0159\u00edzem\u00ed budovy je kuchy\u0148 a j\u00eddelna, kde ob\u011bdvaj\u00ed ob\u011b t\u0159\u00eddy,kancel\u00e1\u0159 vedouc\u00ed kuchyn\u011b,hala a sklady.V patrech jsou um\u00edst\u011bny t\u0159\u00eddy a herny, kter\u00e9 slou\u017e\u00ed i k odpoledn\u00edmu odpo\u010dinku, um\u00fdv\u00e1rny, \u0161atny, kabinety, \u0159editelna.<\/p>\n\n\n\n<p>P\u0159ipravujeme d\u011btem vhodnou skladbu j\u00eddeln\u00ed\u010dku s prvky zdrav\u00e9 v\u00fd\u017eivy, ke ka\u017ed\u00e9mu j\u00eddlu dostatek ovoce a zeleniny, po cel\u00fd den je zaji\u0161t\u011bn pitn\u00fd re\u017eim.<\/p>\n\n\n\n<p>D\u011btem se v\u011bnuj\u00ed pan\u00ed u\u010ditelky, asistentky, kucha\u0159ky, \u0161kolnice a ukl\u00edze\u010dka<\/p>\n\n\n\n<figure class=\"wp-block-table is-style-stripes\"><table class=\"has-fixed-layout\"><tbody><tr><td>\u0159editelka<\/td><td>Jitka Ko\u010dov\u00e1<\/td><td>vedouc\u00ed kucha\u0159ka<\/td><td>Veronika Chmatilov\u00e1<\/td><\/tr><tr><td>u\u010ditelky<\/td><td>Lenka Palmov\u00e1<\/td><td>kucha\u0159ka<\/td><td>Ivana \u0160ubrtov\u00e1<\/td><\/tr><tr><td><\/td><td>Monika Studen\u00e1<\/td><td>\u0161kolnice<\/td><td>Irena Kare\u0161ov\u00e1<\/td><\/tr><tr><td><\/td><td>Kate\u0159ina \u0160turmov\u00e1<\/td><td>ukl\u00edze\u010dka<\/td><td>Petra Noskov\u00e1<\/td><\/tr><tr><td><\/td><td>Irena Hlavat\u00e1<\/td><td><\/td><td><\/td><\/tr><tr><td><\/td><td><\/td><td><\/td><td><\/td><\/tr><tr><td>\u0161koln\u00ed asistent<\/td><td>Irena Hlavat\u00e1<\/td><td><\/td><td><\/td><\/tr><\/tbody><\/table><\/figure>\n\n\n\n<p><strong>Provoz mate\u0159sk\u00e9 \u0161koly je od 6,15 &#8211; 16,15 hodin.<\/strong><\/p>\n\n\n\n<p>D\u011bti jsou p\u0159ij\u00edm\u00e1ny do mate\u0159sk\u00e9 \u0161koly v dob\u011b z\u00e1pisu \/ za\u010d\u00e1tkem kv\u011btna\/ na z\u00e1klad\u011b p\u0159ihl\u00e1\u0161ky\/. O za\u0159azen\u00ed d\u00edt\u011bte do M\u0160 rozhoduje \u0159editelka \u0161koly dle stanoven\u00fdch krit\u00e9ri\u00ed do t\u0159iceti dn\u016f od pod\u00e1n\u00ed p\u0159ihl\u00e1\u0161ky.<\/p>\n\n\n\n<p><\/p>\n","protected":false},"excerpt":{"rendered":"<p>Jsme mate\u0159sk\u00e1 \u0161kola &#8211; Pod Lipou, se s\u00eddlem v Ho\u0159ic\u00edch, z\u0159izovatelem je m\u011bsto Ho\u0159ice. Budova na\u0161\u00ed \u0161koly je v m\u011bstsk\u00e9m s\u00eddli\u0161ti bl\u00edzko centra.postaven\u00e1 v roce 1979. Prostory jsou zde sv\u011btl\u00e9, slunn\u00e9, prostorn\u00e9, byly projektov\u00e1ny v\u00fdhradn\u011b pro pot\u0159eby d\u011bt\u00ed &#8211; po str\u00e1nce pedagogick\u00e9, zdravotn\u00ed, hygienick\u00e9 i estetick\u00e9. Okolo budovy je prostorn\u00e1 zahrada s pr\u016flezkami,trampol\u00ednou,houpa\u010dkami, p\u00edskovi\u0161ti, dome\u010dky,dopravn\u00edm [&hellip;]<\/p>\n","protected":false},"author":1,"featured_media":0,"parent":0,"menu_order":0,"comment_status":"closed","ping_status":"closed","template":"","meta":{"footnotes":""},"class_list":["post-1724","page","type-page","status-publish","hentry"],"_links":{"self":[{"href":"https:\/\/www.ms-podlipou.cz\/index.php\/wp-json\/wp\/v2\/pages\/1724","targetHints":{"allow":["GET"]}}],"collection":[{"href":"https:\/\/www.ms-podlipou.cz\/index.php\/wp-json\/wp\/v2\/pages"}],"about":[{"href":"https:\/\/www.ms-podlipou.cz\/index.php\/wp-json\/wp\/v2\/types\/page"}],"author":[{"embeddable":true,"href":"https:\/\/www.ms-podlipou.cz\/index.php\/wp-json\/wp\/v2\/users\/1"}],"replies":[{"embeddable":true,"href":"https:\/\/www.ms-podlipou.cz\/index.php\/wp-json\/wp\/v2\/comments?post=1724"}],"version-history":[{"count":11,"href":"https:\/\/www.ms-podlipou.cz\/index.php\/wp-json\/wp\/v2\/pages\/1724\/revisions"}],"predecessor-version":[{"id":4023,"href":"https:\/\/www.ms-podlipou.cz\/index.php\/wp-json\/wp\/v2\/pages\/1724\/revisions\/4023"}],"wp:attachment":[{"href":"https:\/\/www.ms-podlipou.cz\/index.php\/wp-json\/wp\/v2\/media?parent=1724"}],"curies":[{"name":"wp","href":"https:\/\/api.w.org\/{rel}","templated":true}]}}